{"id":318,"date":"2024-03-20T17:42:29","date_gmt":"2024-03-20T20:42:29","guid":{"rendered":"https:\/\/letrasportugues.unilab.edu.br\/?page_id=318"},"modified":"2024-03-21T15:28:18","modified_gmt":"2024-03-21T18:28:18","slug":"silu","status":"publish","type":"page","link":"https:\/\/letrasportugues.unilab.edu.br\/?page_id=318","title":{"rendered":"SILU"},"content":{"rendered":"\n<h2 class=\"wp-block-heading has-text-align-center\"><strong><mark style=\"background-color:rgba(0, 0, 0, 0)\" class=\"has-inline-color has-luminous-vivid-amber-color\">VIII Semana Internacional de Letras da Unilab<\/mark><\/strong><\/h2>\n\n\n\n<div class=\"wp-block-group is-content-justification-center is-nowrap is-layout-flex wp-container-core-group-is-layout-94bc23d7 wp-block-group-is-layout-flex\"><div class=\"wp-block-image is-style-default\">\n<figure class=\"aligncenter size-large is-resized\"><img fetchpriority=\"high\" decoding=\"async\" width=\"1024\" height=\"410\" src=\"https:\/\/letrasportugues.unilab.edu.br\/wp-content\/uploads\/2024\/03\/VIII-SILU-1024x410.png\" alt=\"\" class=\"wp-image-337\" style=\"width:524px;height:auto\" srcset=\"https:\/\/letrasportugues.unilab.edu.br\/wp-content\/uploads\/2024\/03\/VIII-SILU-1024x410.png 1024w, https:\/\/letrasportugues.unilab.edu.br\/wp-content\/uploads\/2024\/03\/VIII-SILU-300x120.png 300w, https:\/\/letrasportugues.unilab.edu.br\/wp-content\/uploads\/2024\/03\/VIII-SILU-768x307.png 768w, https:\/\/letrasportugues.unilab.edu.br\/wp-content\/uploads\/2024\/03\/VIII-SILU.png 1100w\" sizes=\"(max-width: 1024px) 100vw, 1024px\" \/><\/figure><\/div><\/div>\n\n\n\n<p class=\"has-text-align-left\">Neste ano de 2024 a VIII SILU &#8211; Semana Internacional de Letras da Unilab\/Cear\u00e1 est\u00e1 de volta, temos o objetivo de reunir trabalhos e pesquisas realizadas por discentes e docentes dos cursos de Letras-L\u00edngua Portuguesa e Letras-L\u00edngua Inglesa na modalidade presencial, Letras-L\u00edngua Portuguesa EAD da Unilab e comunidade externa. Com o tema central&nbsp;<strong>L\u00edngua, Literatura e Linguagens em Perspectivas Decoloniais.&nbsp;<\/strong>Para tanto, temos o prazer de comunicar que o evento deste ano tem como interesse debater trabalhos mais recentes dentro destas \u00e1reas da l\u00edngua, visando o compartilhamento de conhecimentos e reflex\u00f5es acerca do fazer cient\u00edfico.<\/p>\n\n\n\n<p>Nesta edi\u00e7\u00e3o, contaremos com <strong>apresenta\u00e7\u00f5es culturais, mesas-redondas, minicursos, oficinas e apresenta\u00e7\u00f5es orais<\/strong>, dentro da tem\u00e1tica proposta. A VIII SILU acontecer\u00e1 no Campus das Auroras na Universidade da Integra\u00e7\u00e3o Internacional da Lusofonia Afro-Brasileira (UNILAB\/CE) entre os dias <strong><mark style=\"background-color:rgba(0, 0, 0, 0)\" class=\"has-inline-color has-vivid-red-color\">26, 27 <\/mark><mark style=\"background-color:rgba(0, 0, 0, 0)\" class=\"has-inline-color has-black-color\">e<\/mark><mark style=\"background-color:rgba(0, 0, 0, 0)\" class=\"has-inline-color has-vivid-red-color\"> 28 de mar\u00e7o de 2024<\/mark><\/strong>.<\/p>\n\n\n\n<p>Este ano, a SILU contar\u00e1 exclusivamente com a modalidade de resumo simples, abrangendo as seguintes \u00e1reas tem\u00e1ticas: estudos lingu\u00edsticos, estudos liter\u00e1rios, pr\u00e1ticas de ensino e Jornada &#8211; Portugu\u00eas como l\u00edngua adicional.<\/p>\n\n\n\n<p><strong>As submiss\u00f5es ser\u00e3o realizadas por meio de um formul\u00e1rio online.<\/strong>&nbsp;<a href=\"https:\/\/forms.gle\/zxEoYS9zdMyTyALN9\" target=\"_blank\" rel=\"noreferrer noopener\">Clique aqui para acess\u00e1-lo<\/a>.<\/p>\n","protected":false},"excerpt":{"rendered":"<p>VIII Semana Internacional de Letras da Unilab Neste ano de 2024 a VIII SILU &#8211; Semana Internacional de Letras da Unilab\/Cear\u00e1 est\u00e1 de volta, temos o objetivo de reunir trabalhos e pesquisas realizadas por discentes e docentes dos cursos de Letras-L\u00edngua Portuguesa e Letras-L\u00edngua Inglesa na modalidade presencial, Letras-L\u00edngua Portuguesa EAD da Unilab e comunidade [&hellip;]<\/p>\n","protected":false},"author":2,"featured_media":0,"parent":0,"menu_order":0,"comment_status":"closed","ping_status":"closed","template":"","meta":{"footnotes":""},"class_list":["post-318","page","type-page","status-publish","hentry"],"_links":{"self":[{"href":"https:\/\/letrasportugues.unilab.edu.br\/index.php?rest_route=\/wp\/v2\/pages\/318","targetHints":{"allow":["GET"]}}],"collection":[{"href":"https:\/\/letrasportugues.unilab.edu.br\/index.php?rest_route=\/wp\/v2\/pages"}],"about":[{"href":"https:\/\/letrasportugues.unilab.edu.br\/index.php?rest_route=\/wp\/v2\/types\/page"}],"author":[{"embeddable":true,"href":"https:\/\/letrasportugues.unilab.edu.br\/index.php?rest_route=\/wp\/v2\/users\/2"}],"replies":[{"embeddable":true,"href":"https:\/\/letrasportugues.unilab.edu.br\/index.php?rest_route=%2Fwp%2Fv2%2Fcomments&post=318"}],"version-history":[{"count":4,"href":"https:\/\/letrasportugues.unilab.edu.br\/index.php?rest_route=\/wp\/v2\/pages\/318\/revisions"}],"predecessor-version":[{"id":343,"href":"https:\/\/letrasportugues.unilab.edu.br\/index.php?rest_route=\/wp\/v2\/pages\/318\/revisions\/343"}],"wp:attachment":[{"href":"https:\/\/letrasportugues.unilab.edu.br\/index.php?rest_route=%2Fwp%2Fv2%2Fmedia&parent=318"}],"curies":[{"name":"wp","href":"https:\/\/api.w.org\/{rel}","templated":true}]}}