{"id":20,"date":"2024-02-28T20:54:47","date_gmt":"2024-02-28T23:54:47","guid":{"rendered":"https:\/\/letrasportugues.unilab.edu.br\/?page_id=20"},"modified":"2024-04-30T15:59:55","modified_gmt":"2024-04-30T18:59:55","slug":"contato","status":"publish","type":"page","link":"https:\/\/letrasportugues.unilab.edu.br\/?page_id=20","title":{"rendered":"Contato"},"content":{"rendered":"\n<p><strong><strong>Coordena\u00e7\u00e3o do Curso de Letras &#8211; L\u00edngua Portuguesa<\/strong>:<\/strong> coord.letras-lp@unilab.edu.br<\/p>\n\n\n\n<p><strong>Aproveitamentos: <\/strong>aproveitamentosletraportugues@gmail.com<\/p>\n\n\n\n<p><strong>Canal de Atendimento:<\/strong>&nbsp;(85) 98803-3136<\/p>\n\n\n\n<p><strong>Instagram:\u00a0<\/strong>@coordenacaoletras<\/p>\n\n\n\n<div class=\"wp-block-columns is-layout-flex wp-container-core-columns-is-layout-9d6595d7 wp-block-columns-is-layout-flex\">\n<div class=\"wp-block-column is-layout-flow wp-block-column-is-layout-flow\">\n<p>Unidade Acad\u00eamica dos Palmares, Acarape \u2013 Cear\u00e1, Sala 113, Bloco 3,\u00a01\u00ba Andar.<\/p>\n<\/div>\n<\/div>\n","protected":false},"excerpt":{"rendered":"<p>Coordena\u00e7\u00e3o do Curso de Letras &#8211; L\u00edngua Portuguesa: coord.letras-lp@unilab.edu.br Aproveitamentos: aproveitamentosletraportugues@gmail.com Canal de Atendimento:&nbsp;(85) 98803-3136 Instagram:\u00a0@coordenacaoletras Unidade Acad\u00eamica dos Palmares, Acarape \u2013 Cear\u00e1, Sala 113, Bloco 3,\u00a01\u00ba Andar.<\/p>\n","protected":false},"author":2,"featured_media":0,"parent":0,"menu_order":0,"comment_status":"closed","ping_status":"closed","template":"","meta":{"footnotes":""},"class_list":["post-20","page","type-page","status-publish","hentry"],"_links":{"self":[{"href":"https:\/\/letrasportugues.unilab.edu.br\/index.php?rest_route=\/wp\/v2\/pages\/20","targetHints":{"allow":["GET"]}}],"collection":[{"href":"https:\/\/letrasportugues.unilab.edu.br\/index.php?rest_route=\/wp\/v2\/pages"}],"about":[{"href":"https:\/\/letrasportugues.unilab.edu.br\/index.php?rest_route=\/wp\/v2\/types\/page"}],"author":[{"embeddable":true,"href":"https:\/\/letrasportugues.unilab.edu.br\/index.php?rest_route=\/wp\/v2\/users\/2"}],"replies":[{"embeddable":true,"href":"https:\/\/letrasportugues.unilab.edu.br\/index.php?rest_route=%2Fwp%2Fv2%2Fcomments&post=20"}],"version-history":[{"count":16,"href":"https:\/\/letrasportugues.unilab.edu.br\/index.php?rest_route=\/wp\/v2\/pages\/20\/revisions"}],"predecessor-version":[{"id":505,"href":"https:\/\/letrasportugues.unilab.edu.br\/index.php?rest_route=\/wp\/v2\/pages\/20\/revisions\/505"}],"wp:attachment":[{"href":"https:\/\/letrasportugues.unilab.edu.br\/index.php?rest_route=%2Fwp%2Fv2%2Fmedia&parent=20"}],"curies":[{"name":"wp","href":"https:\/\/api.w.org\/{rel}","templated":true}]}}