{"id":2,"date":"2024-02-26T15:20:23","date_gmt":"2024-02-26T18:20:23","guid":{"rendered":"https:\/\/letrasportugues.unilab.edu.br\/?page_id=2"},"modified":"2024-04-25T17:06:48","modified_gmt":"2024-04-25T20:06:48","slug":"pagina-exemplo","status":"publish","type":"page","link":"https:\/\/letrasportugues.unilab.edu.br\/?page_id=2","title":{"rendered":"Membros"},"content":{"rendered":"\t\t<div data-elementor-type=\"wp-page\" data-elementor-id=\"2\" class=\"elementor elementor-2\">\n\t\t\t\t<div class=\"elementor-element elementor-element-369bc839 e-flex e-con-boxed e-con e-parent\" data-id=\"369bc839\" data-element_type=\"container\">\n\t\t\t\t\t<div class=\"e-con-inner\">\n\t\t\t\t<div class=\"elementor-element elementor-element-599a358a elementor-widget elementor-widget-text-editor\" data-id=\"599a358a\" data-element_type=\"widget\" data-widget_type=\"text-editor.default\">\n\t\t\t\t<div class=\"elementor-widget-container\">\n\t\t\t\t\t\t\t\t\t<p><\/p>\n<p><strong>Coordena\u00e7\u00e3o do Curso de Letras L\u00edngua Portuguesa<\/strong> (<a href=\"mailto:coord.letras-lp@unilab.edu.br\" target=\"_blank\" rel=\"noreferrer noopener\">coord.letras-lp@unilab.edu.br<\/a>)<\/p>\n<p><\/p>\n<p><\/p>\n<ol class=\"wp-block-list\">\n<li style=\"list-style-type: none;\">\n<ol><\/ol>\n<\/li>\n<\/ol>\n<p>1. JULIANA GE\u00d3RGIA GON\u00c7ALVES DE ARA\u00daJO \u2013 <strong>Coordenadora<\/strong> <strong>do curso <\/strong>(<a href=\"mailto:jgeorgia.araujo@unilab.edu.br\" target=\"_blank\" rel=\"noreferrer noopener\">jgeorgia.araujo@unilab.edu.br<\/a>)<\/p>\n<p><\/p>\n<p><\/p>\n<p><\/p>\n<p><strong>Colaboradora Terceirizada<\/strong><\/p>\n<p><\/p>\n<p><\/p>\n<ol class=\"wp-block-list\">\n<li style=\"list-style-type: none;\">\n<ol><\/ol>\n<\/li>\n<\/ol>\n<p>1. ANA GABRIELLY MORAIS SILVA \u2013 <strong>Auxiliar administrativa<\/strong>\u00a0(<a href=\"mailto:anagabrielly@unilab.edu.br\" target=\"_blank\" rel=\"noreferrer noopener\">anagabrielly@unilab.edu.br<\/a>)<\/p>\n<p><\/p>\n<p><\/p>\n<p><\/p>\n<p><strong>Estagi\u00e1rios<\/strong><\/p>\n<p><\/p>\n<p><\/p>\n<ol class=\"wp-block-list\">\n<li style=\"list-style-type: none;\">\n<ol><\/ol>\n<\/li>\n<\/ol>\n<p>1. BATENY MONTEIRO SANCA \u2013 <strong>Estagi\u00e1ria<\/strong>\u00a0\u2013 Ingresso em abril de 2023<\/p>\n<p><\/p>\n<p><\/p>\n<p>2. YEM-NA MARIA VIEIRA \u2013 <strong>Estagi\u00e1rio<\/strong>\u00a0\u2013 Ingresso em dezembro de 2023<\/p>\n<p><\/p>\n<p><\/p>\n<p><\/p>\n<p><strong>Corpo Docente<\/strong><\/p>\n<p><\/p>\n<p><\/p>\n<ol class=\"wp-block-list\">\n<li style=\"list-style-type: none;\">\n<ol><\/ol>\n<\/li>\n<\/ol>\n<p>1. ANA PAULA RABELO E SILVA \u2013 <strong>Professora Efetiva<\/strong><\/p>\n<p>(<a style=\"font-family: 'Alegreya Sans', sans-serif; font-size: 18px; text-align: var(--text-align);\" href=\"mailto:anarabelo.p@unilab.edu.br\" target=\"_blank\" rel=\"noreferrer noopener\">anarabelo.p@unilab.edu.br<\/a><span style=\"font-family: 'Alegreya Sans', sans-serif; background-color: transparent; font-size: 18px; color: var( --e-global-color-text ); text-align: var(--text-align);\">)|<\/span><a style=\"font-family: 'Alegreya Sans', sans-serif; font-size: 18px; text-align: var(--text-align);\" href=\"http:\/\/lattes.cnpq.br\/3046031679874169\" target=\"_blank\" rel=\"noreferrer noopener\">Curr\u00edculo Lattes<\/a><\/p>\n<p>2. ANDR\u00c9A CRISTINA MURARO \u2013\u00a0<strong>Professora Efetiva<\/strong><\/p>\n<p>(<a href=\"mailto:muraro@unilab.edu.br\" target=\"_blank\" rel=\"noreferrer noopener\">muraro@unilab.edu.br<\/a>) l<a href=\"http:\/\/lattes.cnpq.br\/5369833945087943\" target=\"_blank\" rel=\"noreferrer noopener\">\u00a0Curr\u00edculo Lattes<\/a><\/p>\n<p>3.\u00a0ANDR\u00c9 TELLES DO ROS\u00c1RIO \u2013\u00a0<strong>Professor Efetivo<\/strong><\/p>\n<p>(<a href=\"mailto:dorosario@unilab.edu.br\" target=\"_blank\" rel=\"noreferrer noopener\">dorosario@unilab.edu.br<\/a>)|\u00a0<a href=\"http:\/\/lattes.cnpq.br\/5544627968881485\" target=\"_blank\" rel=\"noreferrer noopener\">Curr\u00edculo Lattes<\/a><\/p>\n<p>4. ANT\u00d4NIA SUELE DE SOUZA ALVES PEREIRA \u2013 <strong>Professora Efetiva<\/strong><\/p>\n<p>(<a href=\"mailto:suele@unilab.edu.br\" target=\"_blank\" rel=\"noreferrer noopener\">suele@unilab.edu.br<\/a>)|\u00a0<a href=\"http:\/\/lattes.cnpq.br\/2301739327239489\" target=\"_blank\" rel=\"noreferrer noopener\">Curr\u00edculo Lattes<\/a><\/p>\n<p>5. CAMILA MARIA MARQUES PEIXOTO \u2013 <strong>Professora Efetiva<\/strong><\/p>\n<p>(<a href=\"mailto:camilapeixoto@unilab.edu.br\" target=\"_blank\" rel=\"noreferrer noopener\">camilapeixoto@unilab.edu.br<\/a>)|\u00a0<a href=\"http:\/\/lattes.cnpq.br\/8109611300211285\" target=\"_blank\" rel=\"noreferrer noopener\">Curr\u00edculo Lattes<\/a><\/p>\n<p>6. CARLOS EDUARDO DE OLIVEIRA BEZERRA \u2013 <strong>Professor Efetivo<\/strong><\/p>\n<p>(<a href=\"mailto:cadubezerra@unilab.edu.br\" target=\"_blank\" rel=\"noreferrer noopener\">cadubezerra@unilab.edu.br<\/a>)|\u00a0<a href=\"http:\/\/lattes.cnpq.br\/6959963364338082\" target=\"_blank\" rel=\"noreferrer noopener\">Curr\u00edculo Lattes<\/a><\/p>\n<p>7. CL\u00c1UDIA RAMOS CARIOCA \u2013 <strong>Professora Efetiva<\/strong><\/p>\n<p>(<a href=\"mailto:claudiacarioca@unilab.edu.br\" target=\"_blank\" rel=\"noreferrer noopener\">claudiacarioca@unilab.edu.br<\/a>)|<a href=\"http:\/\/lattes.cnpq.br\/8344871235260906\" target=\"_blank\" rel=\"noreferrer noopener\">\u00a0Curr\u00edculo Lattes<\/a><\/p>\n<p>8. F\u00c1BIO FERNANDES TORRES \u2013 <strong>Professor Efetivo<\/strong><\/p>\n<p>(<a href=\"mailto:fabioftorres@unilab.edu.br\" target=\"_blank\" rel=\"noreferrer noopener\">fabioftorres@unilab.edu.br<\/a>)|\u00a0<a href=\"http:\/\/lattes.cnpq.br\/4318905707787077\" target=\"_blank\" rel=\"noreferrer noopener\">Curr\u00edculo Lattes<\/a><\/p>\n<p>9. FRANCISCO RAIMUNDO HOLANDA VASCONCELOS \u2013 <strong>Professor Efetivo<\/strong><\/p>\n<p>(<a href=\"mailto:franciscorhv@unilab.edu.br\" target=\"_blank\" rel=\"noreferrer noopener\">franciscorhv@unilab.edu.br<\/a>) |\u00a0<a href=\"http:\/\/lattes.cnpq.br\/7358128805620278\" target=\"_blank\" rel=\"noreferrer noopener\">Curr\u00edculo Lattes<\/a><\/p>\n<p>10. GE\u00d3RGIA MARIA FEITOSA E PAIVA \u2013 <strong>Professora Efetiva<\/strong><\/p>\n<p>(<a href=\"mailto:georgiafeitosa@unilab.edu.br\" target=\"_blank\" rel=\"noreferrer noopener\">georgiafeitosa@unilab.edu.br<\/a>)|<a href=\"http:\/\/lattes.cnpq.br\/6082214753830340\" target=\"_blank\" rel=\"noreferrer noopener\">\u00a0Curr\u00edculo Lattes<\/a><\/p>\n<p>11. GISLENE LIMA CARVALHO \u2013 <strong>Professora Efetiva<\/strong><\/p>\n<p>(<a href=\"mailto:gislenecarvalho@unilab.edu.br\" target=\"_blank\" rel=\"noreferrer noopener\">gislenecarvalho@unilab.edu.br<\/a>)|\u00a0<a href=\"http:\/\/lattes.cnpq.br\/4083949611178429\" target=\"_blank\" rel=\"noreferrer noopener\">Curr\u00edculo Lattes<\/a><\/p>\n<p>12. IZABEL CRISTINA DOS SANTOS TEIXEIRA \u2013 <strong>Professora Efetiva<\/strong><\/p>\n<p>(<a href=\"mailto:izabel.cristina@unilab.edu.br\" target=\"_blank\" rel=\"noreferrer noopener\">izabel.cristina@unilab.edu.br<\/a>)|\u00a0<a href=\"http:\/\/lattes.cnpq.br\/8182053565217436\" target=\"_blank\" rel=\"noreferrer noopener\">Curr\u00edculo Lattes<\/a>\u00a0<\/p>\n<p>13. IZABEL LARISSA LUCENA SILVA \u2013 <strong>Professora Efetiva<\/strong><\/p>\n<p>(<a href=\"mailto:izabel_larissa@unilab.edu.br\" target=\"_blank\" rel=\"noreferrer noopener\">izabel_larissa@unilab.edu.br<\/a>)|\u00a0<a href=\"http:\/\/lattes.cnpq.br\/1491089727816427\" target=\"_blank\" rel=\"noreferrer noopener\">Curr\u00edculo Lattes<\/a><\/p>\n<p>14. JOS\u00c9 OLAVO SILVA GARANTIZADO JUNIOR \u2013 <strong>Professor Efetivo<\/strong><\/p>\n<p>(<a href=\"mailto:olavogarantizado@unilab.edu.br\" target=\"_blank\" rel=\"noreferrer noopener\">olavogarantizado@unilab.edu.br<\/a>)|\u00a0<a href=\"http:\/\/lattes.cnpq.br\/3792130670793829\" target=\"_blank\" rel=\"noreferrer noopener\">Curr\u00edculo Lattes<\/a><\/p>\n<p>15. JULIANA GE\u00d3RGIA GON\u00c7ALVES DE ARA\u00daJO \u2013 <strong>Professora Efetiva<\/strong><\/p>\n<p>(<a href=\"mailto:jgeorgia.araujo@unilab.edu.br\" target=\"_blank\" rel=\"noreferrer noopener\">jgeorgia.araujo@unilab.edu.br<\/a>)|\u00a0<a href=\"http:\/\/lattes.cnpq.br\/6512449614239215\" target=\"_blank\" rel=\"noreferrer noopener\">Curr\u00edculo Lattes<\/a><\/p>\n<p>16. KALINE ARA\u00daJO MENDES DE SOUZA \u2013 <strong>Professora Efetiva<\/strong><\/p>\n<p>(<a href=\"mailto:kalinemendes@unilab.edu.br\" target=\"_blank\" rel=\"noreferrer noopener\">kalinemendes@unilab.edu.br<\/a>)|\u00a0<a href=\"http:\/\/lattes.cnpq.br\/4580218960894747\" target=\"_blank\" rel=\"noreferrer noopener\">Curr\u00edculo Lattes<\/a><\/p>\n<p>17. KENNEDY CABRAL NOBRE \u2013 <strong>Professor Efetivo<\/strong><\/p>\n<p>(<a href=\"mailto:cabralnobre@unilab.edu.br\" target=\"_blank\" rel=\"noreferrer noopener\">cabralnobre@unilab.edu.br<\/a>)|\u00a0<a href=\"http:\/\/lattes.cnpq.br\/0432524466034133\" target=\"_blank\" rel=\"noreferrer noopener\">Curr\u00edculo Lattes<\/a><\/p>\n<p>18. L\u00c9IA CRUZ DE MENEZES RODRIGUES \u2013 <strong>Professora Efetiva<\/strong><\/p>\n<p>(<a href=\"mailto:leiamenezes@unilab.edu.br\" target=\"_blank\" rel=\"noreferrer noopener\">leiamenezes@unilab.edu.br<\/a>) l\u00a0<a href=\"http:\/\/lattes.cnpq.br\/8931767315944890\" target=\"_blank\" rel=\"noreferrer noopener\">Curr\u00edculo Lattes<\/a><\/p>\n<p>19. LIA RAQUEL VIEIRA DE ANDRADE \u2013 <strong>Professora Efetiva<\/strong><\/p>\n<p>(<a href=\"mailto:lia.andrade@unilab.edu.br\" target=\"_blank\" rel=\"noreferrer noopener\">lia.andrade@unilab.edu.br<\/a>)|\u00a0<a href=\"http:\/\/lattes.cnpq.br\/5843111432953818\" target=\"_blank\" rel=\"noreferrer noopener\">Curr\u00edculo Lattes<\/a><\/p>\n<p>20. LUANA ANTUNES COSTA \u2013 <strong>Professora Efetiva<\/strong><\/p>\n<p>(<a href=\"mailto:luanaantunes@unilab.edu.br\" target=\"_blank\" rel=\"noreferrer noopener\">luanaantunes@unilab.edu.br<\/a>)|\u00a0<a href=\"http:\/\/lattes.cnpq.br\/3114545548919559\" target=\"_blank\" rel=\"noreferrer noopener\">Curr\u00edculo Lattes<\/a><\/p>\n<p>21.LUCAS PORTO DE QUEIROZ \u2013 <strong>Professor Efetivo<\/strong><\/p>\n<p>(<a href=\"mailto:lucas.porto@unilab.edu.br\" target=\"_blank\" rel=\"noreferrer noopener\">lucas.porto@unilab.edu.br<\/a>)\u00a0|\u00a0<a href=\"http:\/\/lattes.cnpq.br\/9837591516552972\" target=\"_blank\" rel=\"noreferrer noopener\">Curr\u00edculo Lattes<\/a><\/p>\n<p>22. MARIA AURIN\u00cdVEA SOUSA DE ASSIS \u2013 <strong>Professora Efetiva<\/strong><\/p>\n<p>(<a href=\"mailto:niveadeassis@unilab.edu.br\" target=\"_blank\" rel=\"noreferrer noopener\">niveadeassis@unilab.edu.br<\/a>)|\u00a0<a href=\"http:\/\/lattes.cnpq.br\/4886436936645457\" target=\"_blank\" rel=\"noreferrer noopener\">Curr\u00edculo Lattes<\/a><\/p>\n<p>23. MARIA LEIDIANE TAVARES FREITAS \u2013 <strong>Professora Efetiva<\/strong><\/p>\n<p>(<a href=\"mailto:marialeidiane@unilab.edu.br\" target=\"_blank\" rel=\"noreferrer noopener\">marialeidiane@unilab.edu.br<\/a>)|\u00a0<a href=\"http:\/\/lattes.cnpq.br\/5613778054100467\" target=\"_blank\" rel=\"noreferrer noopener\">Curr\u00edculo Lattes<\/a><\/p>\n<p>24. MARIZA ANG\u00c9LICA PAIVA BRITO \u2013 <strong>Professora Efetiva<\/strong><\/p>\n<p>(<a href=\"mailto:marizabrito@unilab.edu.br\" target=\"_blank\" rel=\"noreferrer noopener\">marizabrito@unilab.edu.br<\/a>)|\u00a0<a href=\"http:\/\/lattes.cnpq.br\/7386685738536241\" target=\"_blank\" rel=\"noreferrer noopener\">Curr\u00edculo Lattes<\/a><\/p>\n<p>25. MEIRE VIRGINIA CABRAL GONDIM \u2013 <strong>Professora Efetiva<\/strong><\/p>\n<p>(<a href=\"mailto:meirevirginia@unilab.edu.br\" target=\"_blank\" rel=\"noreferrer noopener\">meirevirginia@unilab.edu.br<\/a>)|\u00a0<a href=\"http:\/\/lattes.cnpq.br\/1702554161775614\" target=\"_blank\" rel=\"noreferrer noopener\">Curr\u00edculo Lattes<\/a><\/p>\n<p>26. MONALISA VALENTE FERREIRA \u2013 <strong>Professora Efetiva<\/strong><\/p>\n<p>(<a href=\"mailto:monalisa@unilab.edu.br\" target=\"_blank\" rel=\"noreferrer noopener\">monalisa@unilab.edu.br<\/a>)|\u00a0<a href=\"http:\/\/lattes.cnpq.br\/8354070519822398\" target=\"_blank\" rel=\"noreferrer noopener\">Curr\u00edculo Lattes<\/a><\/p>\n<p>27. OT\u00c1VIA MARQUES DE FARIAS \u2013 <strong>Professora Efetiva<\/strong><\/p>\n<p>(<a href=\"mailto:otavia@unilab.edu.br\" target=\"_blank\" rel=\"noreferrer noopener\">otavia@unilab.edu.br<\/a>)|\u00a0<a href=\"http:\/\/lattes.cnpq.br\/3498671864157678\" target=\"_blank\" rel=\"noreferrer noopener\">Curr\u00edculo Lattes<\/a><\/p>\n<p>28. VANESSA TEIXEIRA DE FREITAS NOGUEIRA \u2013 <strong>Professora Efetiva<\/strong><\/p>\n<p>(<a href=\"mailto:vanessa.teixeirafn@unilab.edu.br\" target=\"_blank\" rel=\"noreferrer noopener\">vanessa.teixeirafn@unilab.edu.br<\/a>)|\u00a0<a href=\"http:\/\/lattes.cnpq.br\/9017519468222235\" target=\"_blank\" rel=\"noreferrer noopener\">Curr\u00edculo Lattes<\/a><\/p>\n<p>29. VANIA MARIA FERREIRA VASCONCELOS \u2013 <strong>Professora Efetiva<\/strong><\/p>\n<p>(<a href=\"mailto:vaniavas@unilab.edu.br\" target=\"_blank\" rel=\"noreferrer noopener\">vaniavas@unilab.edu.br<\/a>)|\u00a0<a href=\"http:\/\/lattes.cnpq.br\/1656317393577850\" target=\"_blank\" rel=\"noreferrer noopener\">Curr\u00edculo Lattes<\/a><\/p>\n<p><\/p>\n<p><\/p>\n<p><!-- \/wp:list-item --><\/p>\n<p><!-- \/wp:list --><\/p>\t\t\t\t\t\t\t\t<\/div>\n\t\t\t\t<\/div>\n\t\t\t\t\t<\/div>\n\t\t\t\t<\/div>\n\t\t\t\t<\/div>\n\t\t","protected":false},"excerpt":{"rendered":"<p>Coordena\u00e7\u00e3o do Curso de Letras L\u00edngua Portuguesa (coord.letras-lp@unilab.edu.br) Colaboradora Terceirizada Estagi\u00e1rios Corpo Docente<\/p>\n","protected":false},"author":1,"featured_media":0,"parent":0,"menu_order":0,"comment_status":"closed","ping_status":"open","template":"","meta":{"footnotes":""},"class_list":["post-2","page","type-page","status-publish","hentry"],"_links":{"self":[{"href":"https:\/\/letrasportugues.unilab.edu.br\/index.php?rest_route=\/wp\/v2\/pages\/2","targetHints":{"allow":["GET"]}}],"collection":[{"href":"https:\/\/letrasportugues.unilab.edu.br\/index.php?rest_route=\/wp\/v2\/pages"}],"about":[{"href":"https:\/\/letrasportugues.unilab.edu.br\/index.php?rest_route=\/wp\/v2\/types\/page"}],"author":[{"embeddable":true,"href":"https:\/\/letrasportugues.unilab.edu.br\/index.php?rest_route=\/wp\/v2\/users\/1"}],"replies":[{"embeddable":true,"href":"https:\/\/letrasportugues.unilab.edu.br\/index.php?rest_route=%2Fwp%2Fv2%2Fcomments&post=2"}],"version-history":[{"count":40,"href":"https:\/\/letrasportugues.unilab.edu.br\/index.php?rest_route=\/wp\/v2\/pages\/2\/revisions"}],"predecessor-version":[{"id":492,"href":"https:\/\/letrasportugues.unilab.edu.br\/index.php?rest_route=\/wp\/v2\/pages\/2\/revisions\/492"}],"wp:attachment":[{"href":"https:\/\/letrasportugues.unilab.edu.br\/index.php?rest_route=%2Fwp%2Fv2%2Fmedia&parent=2"}],"curies":[{"name":"wp","href":"https:\/\/api.w.org\/{rel}","templated":true}]}}